{"id":910,"date":"2025-07-30T14:55:00","date_gmt":"2025-07-30T12:55:00","guid":{"rendered":"https:\/\/mint.jena.de\/?page_id=910"},"modified":"2025-07-30T14:59:03","modified_gmt":"2025-07-30T12:59:03","slug":"biologie-klasse-8","status":"publish","type":"page","link":"https:\/\/mint.jena.de\/index.php\/biologie-klasse-8\/","title":{"rendered":"Biologie Klasse 8"},"content":{"rendered":"\n<h3><span style=\"color: #0b8469;\">Von Heilpflanzen, Schnecken und Parasiten&#8230;<\/span><\/h3>\n<p><img loading=\"lazy\" decoding=\"async\" class=\"alignnone size-large wp-image-890\" src=\"https:\/\/mint.jena.de\/wp-content\/uploads\/2025\/07\/2025-WoU-Biologie-724x1024.png\" alt=\"\" width=\"660\" height=\"933\" srcset=\"https:\/\/mint.jena.de\/wp-content\/uploads\/2025\/07\/2025-WoU-Biologie-724x1024.png 724w, https:\/\/mint.jena.de\/wp-content\/uploads\/2025\/07\/2025-WoU-Biologie-212x300.png 212w, https:\/\/mint.jena.de\/wp-content\/uploads\/2025\/07\/2025-WoU-Biologie-768x1086.png 768w, https:\/\/mint.jena.de\/wp-content\/uploads\/2025\/07\/2025-WoU-Biologie-1086x1536.png 1086w, https:\/\/mint.jena.de\/wp-content\/uploads\/2025\/07\/2025-WoU-Biologie.png 1414w\" sizes=\"auto, (max-width: 660px) 100vw, 660px\" \/><\/p>\n<p><strong>Biologie AG f\u00fcr Sch\u00fclerinnen und Sch\u00fcler der Klasse 8<\/strong><br \/>Leitung: Dr. Katrin Koch\u00a0<br \/>Wann: Montags, 11:35 &#8211; 12:20 Uhr<br \/>Wo: Carl-Zeiss-Gymnasium Jena oder Teilnahme auch von zu Hause<span style=\"color: #b2d36f;\">*<\/span> m\u00f6glich<br \/><br \/><strong>Das erwartet dich:<\/strong><\/p>\n<ul>\n<li>Was genau verleiht einer Heilpflanze ihre Kr\u00e4fte?<\/li>\n<li>Wie kommen wirbellose Tiere ohne Skelett klar?<\/li>\n<li>Wie (\u00fcber)leben Parasiten?<\/li>\n<\/ul>\n<p><a href=\"https:\/\/mint.jena.de\/index.php\/mint-ags\/\">Melde dich jetzt an!<\/a><br \/><span style=\"color: #b2d36f;\">*<\/span>Wenn du die AG nicht live besuchen kannst, besteht die M\u00f6glichkeit einer online-Teilnahme. Du bekommst die Inhalte der AG per Mail zugesandt und kannst auch an Videokonferenzen teilnehmen.\u00a0<\/p>\n","protected":false},"excerpt":{"rendered":"<p>Von Heilpflanzen, Schnecken und Parasiten&#8230; Biologie AG f\u00fcr Sch\u00fclerinnen und Sch\u00fcler der Klasse 8Leitung: Dr. Katrin Koch\u00a0Wann: Montags, 11:35 &#8211; 12:20 UhrWo: Carl-Zeiss-Gymnasium Jena oder Teilnahme auch von zu Hause* m\u00f6glich Das erwartet dich: Was genau verleiht einer Heilpflanze ihre Kr\u00e4fte? Wie kommen wirbellose Tiere ohne Skelett klar? Wie (\u00fcber)leben Parasiten? Melde dich jetzt an!*Wenn &hellip; <a href=\"https:\/\/mint.jena.de\/index.php\/biologie-klasse-8\/\" class=\"more-link\"><span class=\"screen-reader-text\">Biologie Klasse 8<\/span> weiterlesen<\/a><\/p>\n","protected":false},"author":5,"featured_media":0,"parent":0,"menu_order":0,"comment_status":"closed","ping_status":"closed","template":"","meta":{"footnotes":""},"class_list":["post-910","page","type-page","status-publish","hentry"],"_links":{"self":[{"href":"https:\/\/mint.jena.de\/index.php\/wp-json\/wp\/v2\/pages\/910","targetHints":{"allow":["GET"]}}],"collection":[{"href":"https:\/\/mint.jena.de\/index.php\/wp-json\/wp\/v2\/pages"}],"about":[{"href":"https:\/\/mint.jena.de\/index.php\/wp-json\/wp\/v2\/types\/page"}],"author":[{"embeddable":true,"href":"https:\/\/mint.jena.de\/index.php\/wp-json\/wp\/v2\/users\/5"}],"replies":[{"embeddable":true,"href":"https:\/\/mint.jena.de\/index.php\/wp-json\/wp\/v2\/comments?post=910"}],"version-history":[{"count":2,"href":"https:\/\/mint.jena.de\/index.php\/wp-json\/wp\/v2\/pages\/910\/revisions"}],"predecessor-version":[{"id":939,"href":"https:\/\/mint.jena.de\/index.php\/wp-json\/wp\/v2\/pages\/910\/revisions\/939"}],"wp:attachment":[{"href":"https:\/\/mint.jena.de\/index.php\/wp-json\/wp\/v2\/media?parent=910"}],"curies":[{"name":"wp","href":"https:\/\/api.w.org\/{rel}","templated":true}]}}