{"id":857,"date":"2025-06-22T23:49:02","date_gmt":"2025-06-22T21:49:02","guid":{"rendered":"https:\/\/mint.jena.de\/?page_id=857"},"modified":"2025-06-22T23:57:30","modified_gmt":"2025-06-22T21:57:30","slug":"downloads-2","status":"publish","type":"page","link":"https:\/\/mint.jena.de\/index.php\/downloads-2\/","title":{"rendered":"Downloads"},"content":{"rendered":"\n<p>Sie f\u00f6rdern MINT-begeisterte Sch\u00fcler:innen an Ihrer Schule oder dar\u00fcber hinaus? Hier k\u00f6nnen Sie den <a href=\"https:\/\/mint.jena.de\/wp-content\/uploads\/2025\/06\/Antrag-auf-Anrechnungsstunden.pdf\">Antrag auf Anrechnungsstunden<\/a> f\u00fcr Begabungsf\u00f6rderung im MINT-Bereich in Ostth\u00fcringen\u00a0downloaden. Schicken Sie uns den vollst\u00e4ndig ausgef\u00fcllten Antrag f\u00fcr das Schuljahr 2025\/2026 bis zum 1. August 2025 an:\u00a0<br \/>begabungsfoerderung @cz-gymnasium.jena.de<\/p>\n<p>\u00a0<\/p>\n","protected":false},"excerpt":{"rendered":"<p>Sie f\u00f6rdern MINT-begeisterte Sch\u00fcler:innen an Ihrer Schule oder dar\u00fcber hinaus? Hier k\u00f6nnen Sie den Antrag auf Anrechnungsstunden f\u00fcr Begabungsf\u00f6rderung im MINT-Bereich in Ostth\u00fcringen\u00a0downloaden. Schicken Sie uns den vollst\u00e4ndig ausgef\u00fcllten Antrag f\u00fcr das Schuljahr 2025\/2026 bis zum 1. August 2025 an:\u00a0begabungsfoerderung @cz-gymnasium.jena.de \u00a0<\/p>\n","protected":false},"author":5,"featured_media":0,"parent":0,"menu_order":0,"comment_status":"closed","ping_status":"closed","template":"","meta":{"footnotes":""},"class_list":["post-857","page","type-page","status-publish","hentry"],"_links":{"self":[{"href":"https:\/\/mint.jena.de\/index.php\/wp-json\/wp\/v2\/pages\/857","targetHints":{"allow":["GET"]}}],"collection":[{"href":"https:\/\/mint.jena.de\/index.php\/wp-json\/wp\/v2\/pages"}],"about":[{"href":"https:\/\/mint.jena.de\/index.php\/wp-json\/wp\/v2\/types\/page"}],"author":[{"embeddable":true,"href":"https:\/\/mint.jena.de\/index.php\/wp-json\/wp\/v2\/users\/5"}],"replies":[{"embeddable":true,"href":"https:\/\/mint.jena.de\/index.php\/wp-json\/wp\/v2\/comments?post=857"}],"version-history":[{"count":3,"href":"https:\/\/mint.jena.de\/index.php\/wp-json\/wp\/v2\/pages\/857\/revisions"}],"predecessor-version":[{"id":867,"href":"https:\/\/mint.jena.de\/index.php\/wp-json\/wp\/v2\/pages\/857\/revisions\/867"}],"wp:attachment":[{"href":"https:\/\/mint.jena.de\/index.php\/wp-json\/wp\/v2\/media?parent=857"}],"curies":[{"name":"wp","href":"https:\/\/api.w.org\/{rel}","templated":true}]}}