{"id":615,"date":"2024-07-25T18:34:09","date_gmt":"2024-07-25T16:34:09","guid":{"rendered":"https:\/\/mint.jena.de\/?page_id=615"},"modified":"2024-08-04T00:12:48","modified_gmt":"2024-08-03T22:12:48","slug":"klasse-4","status":"publish","type":"page","link":"https:\/\/mint.jena.de\/index.php\/klasse-4\/","title":{"rendered":"Klasse 4"},"content":{"rendered":"\n<figure class=\"wp-block-image size-large\"><img loading=\"lazy\" decoding=\"async\" width=\"1024\" height=\"850\" src=\"https:\/\/mint.jena.de\/wp-content\/uploads\/2024\/08\/Mathe-Korri-4-Flyer.png-e1722611106200-1024x850.png\" alt=\"\" class=\"wp-image-652\" srcset=\"https:\/\/mint.jena.de\/wp-content\/uploads\/2024\/08\/Mathe-Korri-4-Flyer.png-e1722611106200-1024x850.png 1024w, https:\/\/mint.jena.de\/wp-content\/uploads\/2024\/08\/Mathe-Korri-4-Flyer.png-e1722611106200-300x249.png 300w, https:\/\/mint.jena.de\/wp-content\/uploads\/2024\/08\/Mathe-Korri-4-Flyer.png-e1722611106200-768x638.png 768w, https:\/\/mint.jena.de\/wp-content\/uploads\/2024\/08\/Mathe-Korri-4-Flyer.png-e1722611106200.png 1413w\" sizes=\"auto, (max-width: 1024px) 100vw, 1024px\" \/><\/figure>\n\n\n\n<p>Nach deiner erfolgreichen Anmeldung bekommst du <span style=\"color: #e15c63;\"><strong>Post mit wirklich kniffligen Aufgaben und spannenden R\u00e4tseln<\/strong><\/span>. Du besch\u00e4ftigst dich mit den Aufgaben \u00fcber einen Zeitraum von mehreren Wochen und schickst dann deine L\u00f6sungen (oder auch Teill\u00f6sungen) an die angegebene Adresse zur\u00fcck. Im Anschluss erh\u00e4ltst du dann wieder einen Brief mit Feedback zu deinen L\u00f6sungsideen und neue Aufgaben. Auf diese Weise kannst du dich zwischen vier bis sechs mal im Schuljahr neuen Herausforderungen in der Mathematik stellen!\u00a0<br \/>Betreut wirst du dabei von unserer erfahrenen Mathematiklehrerin Kerstin Jahr, die schon gespannt auf deine <a href=\"https:\/\/mint.jena.de\/index.php\/mint-ags\/\">Anmeldung<\/a> wartet&#8230;\u00a0<\/p>\n\n\n","protected":false},"excerpt":{"rendered":"<p>Nach deiner erfolgreichen Anmeldung bekommst du Post mit wirklich kniffligen Aufgaben und spannenden R\u00e4tseln. Du besch\u00e4ftigst dich mit den Aufgaben \u00fcber einen Zeitraum von mehreren Wochen und schickst dann deine L\u00f6sungen (oder auch Teill\u00f6sungen) an die angegebene Adresse zur\u00fcck. Im Anschluss erh\u00e4ltst du dann wieder einen Brief mit Feedback zu deinen L\u00f6sungsideen und neue Aufgaben. &hellip; <a href=\"https:\/\/mint.jena.de\/index.php\/klasse-4\/\" class=\"more-link\"><span class=\"screen-reader-text\">Klasse 4<\/span> weiterlesen<\/a><\/p>\n","protected":false},"author":5,"featured_media":0,"parent":0,"menu_order":0,"comment_status":"closed","ping_status":"closed","template":"","meta":{"footnotes":""},"class_list":["post-615","page","type-page","status-publish","hentry"],"_links":{"self":[{"href":"https:\/\/mint.jena.de\/index.php\/wp-json\/wp\/v2\/pages\/615","targetHints":{"allow":["GET"]}}],"collection":[{"href":"https:\/\/mint.jena.de\/index.php\/wp-json\/wp\/v2\/pages"}],"about":[{"href":"https:\/\/mint.jena.de\/index.php\/wp-json\/wp\/v2\/types\/page"}],"author":[{"embeddable":true,"href":"https:\/\/mint.jena.de\/index.php\/wp-json\/wp\/v2\/users\/5"}],"replies":[{"embeddable":true,"href":"https:\/\/mint.jena.de\/index.php\/wp-json\/wp\/v2\/comments?post=615"}],"version-history":[{"count":4,"href":"https:\/\/mint.jena.de\/index.php\/wp-json\/wp\/v2\/pages\/615\/revisions"}],"predecessor-version":[{"id":678,"href":"https:\/\/mint.jena.de\/index.php\/wp-json\/wp\/v2\/pages\/615\/revisions\/678"}],"wp:attachment":[{"href":"https:\/\/mint.jena.de\/index.php\/wp-json\/wp\/v2\/media?parent=615"}],"curies":[{"name":"wp","href":"https:\/\/api.w.org\/{rel}","templated":true}]}}