{"id":611,"date":"2024-07-25T18:34:09","date_gmt":"2024-07-25T16:34:09","guid":{"rendered":"https:\/\/mint.jena.de\/?page_id=611"},"modified":"2025-08-03T13:21:07","modified_gmt":"2025-08-03T11:21:07","slug":"klasse-6","status":"publish","type":"page","link":"https:\/\/mint.jena.de\/index.php\/klasse-6\/","title":{"rendered":"Klasse 6"},"content":{"rendered":"\n<p>Wir stellen dir die AG-Angebote hier kurz vor. Du hast die Qual der Wahl (oder nimmst einfach an mehreren Angeboten teil). Melde dich gern bei Fragen per <a href=\"https:\/\/mint.jena.de\/index.php\/kontakt\/\">Mail<\/a>!<\/p>\n<p>Schau dir die <a href=\"https:\/\/mint.jena.de\/index.php\/informatik-klasse-6\/\">Informatik AG<\/a>, die <a href=\"https:\/\/mint.jena.de\/index.php\/ag-kopfrechnen-klasse-5-7\/\">AG Kopfrechnen<\/a>, die <a href=\"https:\/\/mint.jena.de\/index.php\/mathematik-klasse-6\/\">Mathematik AG<\/a> und die <a href=\"https:\/\/mint.jena.de\/index.php\/mint-ag-klasse-6\/\">MINT AG<\/a> an und <a href=\"https:\/\/mint.jena.de\/index.php\/mint-ags\/\">melde dich an<\/a>!<\/p>\n<p><a href=\"https:\/\/mint.jena.de\/index.php\/informatik-klasse-6\/\"><img loading=\"lazy\" decoding=\"async\" class=\"alignnone size-medium wp-image-880\" src=\"https:\/\/mint.jena.de\/wp-content\/uploads\/2025\/06\/Flyer-Informatik-AG-6-212x300.png\" alt=\"\" width=\"212\" height=\"300\" srcset=\"https:\/\/mint.jena.de\/wp-content\/uploads\/2025\/06\/Flyer-Informatik-AG-6-212x300.png 212w, https:\/\/mint.jena.de\/wp-content\/uploads\/2025\/06\/Flyer-Informatik-AG-6-724x1024.png 724w, https:\/\/mint.jena.de\/wp-content\/uploads\/2025\/06\/Flyer-Informatik-AG-6-768x1086.png 768w, https:\/\/mint.jena.de\/wp-content\/uploads\/2025\/06\/Flyer-Informatik-AG-6-1087x1536.png 1087w, https:\/\/mint.jena.de\/wp-content\/uploads\/2025\/06\/Flyer-Informatik-AG-6.png 1415w\" sizes=\"auto, (max-width: 212px) 100vw, 212px\" \/><\/a> <a href=\"https:\/\/mint.jena.de\/index.php\/ag-kopfrechnen-klasse-5-7\/\"><img loading=\"lazy\" decoding=\"async\" class=\"alignnone size-medium wp-image-874\" src=\"https:\/\/mint.jena.de\/wp-content\/uploads\/2025\/06\/Flyer-MINT-AGs-SJ-2025-2026-212x300.png\" alt=\"\" width=\"212\" height=\"300\" srcset=\"https:\/\/mint.jena.de\/wp-content\/uploads\/2025\/06\/Flyer-MINT-AGs-SJ-2025-2026-212x300.png 212w, https:\/\/mint.jena.de\/wp-content\/uploads\/2025\/06\/Flyer-MINT-AGs-SJ-2025-2026-724x1024.png 724w, https:\/\/mint.jena.de\/wp-content\/uploads\/2025\/06\/Flyer-MINT-AGs-SJ-2025-2026-768x1086.png 768w, https:\/\/mint.jena.de\/wp-content\/uploads\/2025\/06\/Flyer-MINT-AGs-SJ-2025-2026-1086x1536.png 1086w, https:\/\/mint.jena.de\/wp-content\/uploads\/2025\/06\/Flyer-MINT-AGs-SJ-2025-2026.png 1237w\" sizes=\"auto, (max-width: 212px) 100vw, 212px\" \/><\/a> <a href=\"https:\/\/mint.jena.de\/index.php\/mathematik-klasse-6\/\"><img loading=\"lazy\" decoding=\"async\" class=\"alignnone size-medium wp-image-1026\" src=\"https:\/\/mint.jena.de\/wp-content\/uploads\/2025\/07\/Meins-MINT-AGs-SJ-2025-2026-5-212x300.png\" alt=\"\" width=\"212\" height=\"300\" srcset=\"https:\/\/mint.jena.de\/wp-content\/uploads\/2025\/07\/Meins-MINT-AGs-SJ-2025-2026-5-212x300.png 212w, https:\/\/mint.jena.de\/wp-content\/uploads\/2025\/07\/Meins-MINT-AGs-SJ-2025-2026-5-724x1024.png 724w, https:\/\/mint.jena.de\/wp-content\/uploads\/2025\/07\/Meins-MINT-AGs-SJ-2025-2026-5-768x1086.png 768w, https:\/\/mint.jena.de\/wp-content\/uploads\/2025\/07\/Meins-MINT-AGs-SJ-2025-2026-5-1086x1536.png 1086w, https:\/\/mint.jena.de\/wp-content\/uploads\/2025\/07\/Meins-MINT-AGs-SJ-2025-2026-5.png 1414w\" sizes=\"auto, (max-width: 212px) 100vw, 212px\" \/><\/a> <a href=\"https:\/\/mint.jena.de\/index.php\/mint-ag-klasse-6\/\"><img loading=\"lazy\" decoding=\"async\" class=\"alignnone size-medium wp-image-1047\" src=\"https:\/\/mint.jena.de\/wp-content\/uploads\/2025\/07\/Flyer-MINT-AGs-SJ-2025-2026-4-212x300.png\" alt=\"\" width=\"212\" height=\"300\" srcset=\"https:\/\/mint.jena.de\/wp-content\/uploads\/2025\/07\/Flyer-MINT-AGs-SJ-2025-2026-4-212x300.png 212w, https:\/\/mint.jena.de\/wp-content\/uploads\/2025\/07\/Flyer-MINT-AGs-SJ-2025-2026-4-724x1024.png 724w, https:\/\/mint.jena.de\/wp-content\/uploads\/2025\/07\/Flyer-MINT-AGs-SJ-2025-2026-4-768x1086.png 768w, https:\/\/mint.jena.de\/wp-content\/uploads\/2025\/07\/Flyer-MINT-AGs-SJ-2025-2026-4-1086x1536.png 1086w, https:\/\/mint.jena.de\/wp-content\/uploads\/2025\/07\/Flyer-MINT-AGs-SJ-2025-2026-4.png 1414w\" sizes=\"auto, (max-width: 212px) 100vw, 212px\" \/><\/a>&nbsp;<\/p>\n\n\n\n<p><a href=\"https:\/\/mint.jena.de\/index.php\/mint-ags\/\">Melde dich jetzt an!<\/a><br \/><span style=\"color: #1a5b6e;\">*<\/span> Wenn du die AGs nicht live besuchen kannst, besteht die M\u00f6glichkeit einer online-Teilnahme. Du bekommst die Inhalte der AG per Mail zugesandt und kannst auch an Videokonferenzen oder Livetreffen teilnehmen. In jedem Fall erh\u00e4ltst du regelm\u00e4\u00dfig konstruktives und professionelles Feedback zu deinen Ergebnissen und L\u00f6sungsideen!<\/p>\n\n\n\n\n","protected":false},"excerpt":{"rendered":"<p>Wir stellen dir die AG-Angebote hier kurz vor. Du hast die Qual der Wahl (oder nimmst einfach an mehreren Angeboten teil). Melde dich gern bei Fragen per Mail! Schau dir die Informatik AG, die AG Kopfrechnen, die Mathematik AG und die MINT AG an und melde dich an! &nbsp; Melde dich jetzt an!* Wenn du &hellip; <a href=\"https:\/\/mint.jena.de\/index.php\/klasse-6\/\" class=\"more-link\"><span class=\"screen-reader-text\">Klasse 6<\/span> weiterlesen<\/a><\/p>\n","protected":false},"author":5,"featured_media":694,"parent":0,"menu_order":0,"comment_status":"closed","ping_status":"closed","template":"","meta":{"footnotes":""},"class_list":["post-611","page","type-page","status-publish","has-post-thumbnail","hentry"],"_links":{"self":[{"href":"https:\/\/mint.jena.de\/index.php\/wp-json\/wp\/v2\/pages\/611","targetHints":{"allow":["GET"]}}],"collection":[{"href":"https:\/\/mint.jena.de\/index.php\/wp-json\/wp\/v2\/pages"}],"about":[{"href":"https:\/\/mint.jena.de\/index.php\/wp-json\/wp\/v2\/types\/page"}],"author":[{"embeddable":true,"href":"https:\/\/mint.jena.de\/index.php\/wp-json\/wp\/v2\/users\/5"}],"replies":[{"embeddable":true,"href":"https:\/\/mint.jena.de\/index.php\/wp-json\/wp\/v2\/comments?post=611"}],"version-history":[{"count":11,"href":"https:\/\/mint.jena.de\/index.php\/wp-json\/wp\/v2\/pages\/611\/revisions"}],"predecessor-version":[{"id":1061,"href":"https:\/\/mint.jena.de\/index.php\/wp-json\/wp\/v2\/pages\/611\/revisions\/1061"}],"wp:featuredmedia":[{"embeddable":true,"href":"https:\/\/mint.jena.de\/index.php\/wp-json\/wp\/v2\/media\/694"}],"wp:attachment":[{"href":"https:\/\/mint.jena.de\/index.php\/wp-json\/wp\/v2\/media?parent=611"}],"curies":[{"name":"wp","href":"https:\/\/api.w.org\/{rel}","templated":true}]}}