{"id":6,"date":"2018-08-14T17:38:57","date_gmt":"2018-08-14T15:38:57","guid":{"rendered":"http:\/\/www.cz-gymnasium.jena.de\/regionalzentrum\/?page_id=6"},"modified":"2024-08-06T14:27:17","modified_gmt":"2024-08-06T12:27:17","slug":"startseite","status":"publish","type":"page","link":"https:\/\/mint.jena.de\/","title":{"rendered":"Startseite"},"content":{"rendered":"<div>Herzlich Willkommen auf unserer Webseite f\u00fcr Begabungsf\u00f6rderung im MINT-Bereich. Wir sind durch das Th\u00fcringer Ministerium f\u00fcr Jugend, Bildung und Sport (TMBJS) beauftragt, <strong>interessierte und begabte Sch\u00fclerinnen und Sch\u00fcler<\/strong> in ganz Ostth\u00fcringen zu finden und sie in ihrer <strong>Leidenschaft f\u00fcr Mathematik, Naturwissenschaften, Informatik und Technik<\/strong> zu f\u00f6rdern.\n<p>Schau gern in unsere <a href=\"https:\/\/mint.jena.de\/index.php\/mint-ags\/\">Angebote<\/a> und <a href=\"https:\/\/mint.jena.de\/index.php\/termine\/\">Termine<\/a> rein und <a href=\"https:\/\/mint.jena.de\/index.php\/mint-ags\/\">melde dich f\u00fcr eine MINT-AG an<\/a>, um \u00fcber den Fachunterricht hinaus deinen naturwissenschaftlichen, mathematischen oder informatischen Interessen noch weiter nachzugehen. Bei uns wirst du von Lehrerinnen und Lehrern unterst\u00fctzt, die langj\u00e4hrige Erfahrung in der Begabungsf\u00f6rderung besitzen und sich schon auf deine Ideen und Fragen freuen. <br \/>Du hast noch Fragen? Dann schreib uns gern eine <a href=\"begabungsfoerderung@cz-gymnasium.jena.de\">Email<\/a>!\u00a0\u00a0<\/p>\n<p><img loading=\"lazy\" decoding=\"async\" class=\"alignnone size-large wp-image-752\" src=\"https:\/\/mint.jena.de\/wp-content\/uploads\/2024\/08\/MINT-AGs-Polaroid-6-e1722947041385-1024x1004.png\" alt=\"\" width=\"660\" height=\"647\" srcset=\"https:\/\/mint.jena.de\/wp-content\/uploads\/2024\/08\/MINT-AGs-Polaroid-6-e1722947041385-1024x1004.png 1024w, https:\/\/mint.jena.de\/wp-content\/uploads\/2024\/08\/MINT-AGs-Polaroid-6-e1722947041385-300x294.png 300w, https:\/\/mint.jena.de\/wp-content\/uploads\/2024\/08\/MINT-AGs-Polaroid-6-e1722947041385-768x753.png 768w, https:\/\/mint.jena.de\/wp-content\/uploads\/2024\/08\/MINT-AGs-Polaroid-6-e1722947041385.png 1156w\" sizes=\"auto, (max-width: 660px) 100vw, 660px\" \/><\/p>\n<\/div>\n<div>\u00a0<\/div>\n\n\n<p>Wir freuen uns auf dich!<br \/>Nicole Planer &amp; Sybille Wei\u00df<\/p>\n","protected":false},"excerpt":{"rendered":"<p>Herzlich Willkommen auf unserer Webseite f\u00fcr Begabungsf\u00f6rderung im MINT-Bereich. Wir sind durch das Th\u00fcringer Ministerium f\u00fcr Jugend, Bildung und Sport (TMBJS) beauftragt, interessierte und begabte Sch\u00fclerinnen und Sch\u00fcler in ganz Ostth\u00fcringen zu finden und sie in ihrer Leidenschaft f\u00fcr Mathematik, Naturwissenschaften, Informatik und Technik zu f\u00f6rdern. Schau gern in unsere Angebote und Termine rein und &hellip; <a href=\"https:\/\/mint.jena.de\/\" class=\"more-link\"><span class=\"screen-reader-text\">Startseite<\/span> weiterlesen<\/a><\/p>\n","protected":false},"author":4,"featured_media":0,"parent":0,"menu_order":0,"comment_status":"closed","ping_status":"closed","template":"","meta":{"footnotes":""},"class_list":["post-6","page","type-page","status-publish","hentry"],"_links":{"self":[{"href":"https:\/\/mint.jena.de\/index.php\/wp-json\/wp\/v2\/pages\/6","targetHints":{"allow":["GET"]}}],"collection":[{"href":"https:\/\/mint.jena.de\/index.php\/wp-json\/wp\/v2\/pages"}],"about":[{"href":"https:\/\/mint.jena.de\/index.php\/wp-json\/wp\/v2\/types\/page"}],"author":[{"embeddable":true,"href":"https:\/\/mint.jena.de\/index.php\/wp-json\/wp\/v2\/users\/4"}],"replies":[{"embeddable":true,"href":"https:\/\/mint.jena.de\/index.php\/wp-json\/wp\/v2\/comments?post=6"}],"version-history":[{"count":17,"href":"https:\/\/mint.jena.de\/index.php\/wp-json\/wp\/v2\/pages\/6\/revisions"}],"predecessor-version":[{"id":755,"href":"https:\/\/mint.jena.de\/index.php\/wp-json\/wp\/v2\/pages\/6\/revisions\/755"}],"wp:attachment":[{"href":"https:\/\/mint.jena.de\/index.php\/wp-json\/wp\/v2\/media?parent=6"}],"curies":[{"name":"wp","href":"https:\/\/api.w.org\/{rel}","templated":true}]}}