{"id":558,"date":"2024-03-02T16:50:52","date_gmt":"2024-03-02T15:50:52","guid":{"rendered":"https:\/\/www.cz-gymnasium.jena.de\/regionalzentrum\/?page_id=558"},"modified":"2024-03-02T16:50:52","modified_gmt":"2024-03-02T15:50:52","slug":"impressum","status":"publish","type":"page","link":"https:\/\/mint.jena.de\/index.php\/impressum\/","title":{"rendered":"Impressum"},"content":{"rendered":"\n<p><strong>Angaben gem\u00e4\u00df \u00a7 5 TMG:<\/strong><br \/>Carl-Zeiss-Gymnasium Jena<br \/>Begabungsf\u00f6rderung MINT Ostth\u00fcringen<br \/>Verantwortliche: Nicole Planer und Sybille Wei\u00df<\/p>\n<p>Erich-Kuithan-Str. 7<br \/>07743 Jena<br \/>Telefon: +49 3641 3103030<\/p>\n<p><strong>Vertreten durch:<\/strong><br \/>Stadt Jena<br \/>Postfach 100338<br \/>07703 Jena<\/p>\n<p><strong>Ansprechpartner:<\/strong><br \/>Stadt Jena<br \/>Dezernat f\u00fcr Familie, Bildung und Soziales<br \/>Fachdienst Jugend und Bildung<br \/>Schulverwaltung<br \/>Leiter Ren\u00e9 Ehrenberg<br \/>Am Anger 13<br \/>07743 Jena<br \/>Telefon: 03641 \/ 492600<br \/>E-Mail: schulverwaltung@jena.de<\/p>\n<p><strong>Verantwortlich f\u00fcr den Inhalt nach \u00a7 55 Abs. 2 RStV:<\/strong><br \/>Ansprechpartnerinnen: Nicole Planer und Sybille Wei\u00df<br \/>Telefon: +49 3641 3103030<br \/>E-Mail: begabungsfoerderung@cz-gymnasium.jena.de<\/p>\n<p><strong>Technisches Hosting:<\/strong><br \/>Ansprechpartner:<br \/>Stadtverwaltung Jena\/Medienzentrum Jena<br \/>Lutherplatz 3<br \/>07743 Jena<br \/>Telefon: 03641 \/ 492414<br \/>E-Mail: mz@jena.de<br \/>http:\/\/www.mz.jena.de<\/p>\n<p><strong>Haftungsausschluss:<\/strong><br \/><u>Haftung f\u00fcr Inhalte<\/u><br \/>Die Inhalte unserer Seiten wurden mit gr\u00f6\u00dfter Sorgfalt erstellt. F\u00fcr die Richtigkeit, Vollst\u00e4ndigkeit und Aktualit\u00e4t der Inhalte k\u00f6nnen wir jedoch keine Gew\u00e4hr \u00fcbernehmen. Als Diensteanbieter sind wir gem\u00e4\u00df \u00a7 7 Abs.1 TMG f\u00fcr eigene Inhalte auf diesen Seiten nach den allgemeinen Gesetzen verantwortlich. Nach \u00a7\u00a7 8 bis 10 TMG sind wir als Diensteanbieter jedoch nicht verpflichtet, \u00fcbermittelte oder gespeicherte fremde Informationen zu \u00fcberwachen oder nach Umst\u00e4nden zu forschen, die auf eine rechtswidrige T\u00e4tigkeit hinweisen. Verpflichtungen zur Entfernung oder Sperrung der Nutzung von Informationen nach den allgemeinen Gesetzen bleiben hiervon unber\u00fchrt. Eine diesbez\u00fcgliche Haftung ist jedoch erst ab dem Zeitpunkt der Kenntnis einer konkreten Rechtsverletzung m\u00f6glich. Bei Bekanntwerden von entsprechenden Rechtsverletzungen werden wir diese Inhalte umgehend entfernen.<\/p>\n<p><u>Haftung f\u00fcr Links<\/u><br \/>Unser Angebot enth\u00e4lt Links zu externen Webseiten Dritter, auf deren Inhalte wir keinen Einfluss haben. Deshalb k\u00f6nnen wir f\u00fcr diese fremden Inhalte auch keine Gew\u00e4hr \u00fcbernehmen. F\u00fcr die Inhalte der verlinkten Seiten ist stets der jeweilige Anbieter oder Betreiber der Seiten verantwortlich. Die verlinkten Seiten wurden zum Zeitpunkt der Verlinkung auf m\u00f6gliche Rechtsverst\u00f6\u00dfe \u00fcberpr\u00fcft. Rechtswidrige Inhalte waren zum Zeitpunkt der Verlinkung nicht erkennbar. Eine permanente inhaltliche Kontrolle der verlinkten Seiten ist jedoch ohne konkrete Anhaltspunkte einer Rechtsverletzung nicht zumutbar. Bei Bekanntwerden von Rechtsverletzungen werden wir derartige Links umgehend entfernen.<\/p>\n<p><u>Urheberrecht<\/u><br \/>Die durch die Seitenbetreiber erstellten Inhalte und Werke auf diesen Seiten unterliegen dem deutschen Urheberrecht. Die Vervielf\u00e4ltigung, Bearbeitung, Verbreitung und jede Art der Verwertung au\u00dferhalb der Grenzen des Urheberrechtes bed\u00fcrfen der schriftlichen Zustimmung des jeweiligen Autors bzw. Erstellers. Downloads und Kopien dieser Seite sind nur f\u00fcr den privaten, nicht kommerziellen Gebrauch gestattet. Soweit die Inhalte auf dieser Seite nicht vom Betreiber erstellt wurden, werden die Urheberrechte Dritter beachtet. Insbesondere werden Inhalte Dritter als solche gekennzeichnet. Sollten Sie trotzdem auf eine Urheberrechtsverletzung aufmerksam werden, bitten wir um einen entsprechenden Hinweis. Bei Bekanntwerden von Rechtsverletzungen werden wir derartige Inhalte umgehend entfernen.<\/p>\n\n\n","protected":false},"excerpt":{"rendered":"<p>Angaben gem\u00e4\u00df \u00a7 5 TMG:Carl-Zeiss-Gymnasium JenaBegabungsf\u00f6rderung MINT Ostth\u00fcringenVerantwortliche: Nicole Planer und Sybille Wei\u00df Erich-Kuithan-Str. 707743 JenaTelefon: +49 3641 3103030 Vertreten durch:Stadt JenaPostfach 10033807703 Jena Ansprechpartner:Stadt JenaDezernat f\u00fcr Familie, Bildung und SozialesFachdienst Jugend und BildungSchulverwaltungLeiter Ren\u00e9 EhrenbergAm Anger 1307743 JenaTelefon: 03641 \/ 492600E-Mail: schulverwaltung@jena.de Verantwortlich f\u00fcr den Inhalt nach \u00a7 55 Abs. 2 RStV:Ansprechpartnerinnen: Nicole Planer &hellip; <a href=\"https:\/\/mint.jena.de\/index.php\/impressum\/\" class=\"more-link\"><span class=\"screen-reader-text\">Impressum<\/span> weiterlesen<\/a><\/p>\n","protected":false},"author":5,"featured_media":0,"parent":0,"menu_order":0,"comment_status":"closed","ping_status":"closed","template":"","meta":{"footnotes":""},"class_list":["post-558","page","type-page","status-publish","hentry"],"_links":{"self":[{"href":"https:\/\/mint.jena.de\/index.php\/wp-json\/wp\/v2\/pages\/558","targetHints":{"allow":["GET"]}}],"collection":[{"href":"https:\/\/mint.jena.de\/index.php\/wp-json\/wp\/v2\/pages"}],"about":[{"href":"https:\/\/mint.jena.de\/index.php\/wp-json\/wp\/v2\/types\/page"}],"author":[{"embeddable":true,"href":"https:\/\/mint.jena.de\/index.php\/wp-json\/wp\/v2\/users\/5"}],"replies":[{"embeddable":true,"href":"https:\/\/mint.jena.de\/index.php\/wp-json\/wp\/v2\/comments?post=558"}],"version-history":[{"count":1,"href":"https:\/\/mint.jena.de\/index.php\/wp-json\/wp\/v2\/pages\/558\/revisions"}],"predecessor-version":[{"id":561,"href":"https:\/\/mint.jena.de\/index.php\/wp-json\/wp\/v2\/pages\/558\/revisions\/561"}],"wp:attachment":[{"href":"https:\/\/mint.jena.de\/index.php\/wp-json\/wp\/v2\/media?parent=558"}],"curies":[{"name":"wp","href":"https:\/\/api.w.org\/{rel}","templated":true}]}}