{"id":546,"date":"2024-03-02T12:54:44","date_gmt":"2024-03-02T11:54:44","guid":{"rendered":"https:\/\/www.cz-gymnasium.jena.de\/regionalzentrum\/?page_id=546"},"modified":"2024-03-02T16:06:12","modified_gmt":"2024-03-02T15:06:12","slug":"2023-2","status":"publish","type":"page","link":"https:\/\/mint.jena.de\/index.php\/2023-2\/","title":{"rendered":"2023 &#8211; Lars Fehlandt"},"content":{"rendered":"\n<p><a href=\"https:\/\/www.cz-gymnasium.jena.de\/regionalzentrum\/wp-content\/uploads\/2023\/10\/Science_am_Zeiss-Lars_Fehland_Vortrag.png\"><img loading=\"lazy\" decoding=\"async\" class=\"alignnone size-large wp-image-481\" src=\"https:\/\/www.cz-gymnasium.jena.de\/regionalzentrum\/wp-content\/uploads\/2023\/10\/Science_am_Zeiss-Lars_Fehland_Vortrag-724x1024.png\" alt=\"\" width=\"660\" height=\"933\" srcset=\"https:\/\/mint.jena.de\/wp-content\/uploads\/2023\/10\/Science_am_Zeiss-Lars_Fehland_Vortrag-724x1024.png 724w, https:\/\/mint.jena.de\/wp-content\/uploads\/2023\/10\/Science_am_Zeiss-Lars_Fehland_Vortrag-212x300.png 212w, https:\/\/mint.jena.de\/wp-content\/uploads\/2023\/10\/Science_am_Zeiss-Lars_Fehland_Vortrag-768x1086.png 768w, https:\/\/mint.jena.de\/wp-content\/uploads\/2023\/10\/Science_am_Zeiss-Lars_Fehland_Vortrag-1086x1536.png 1086w, https:\/\/mint.jena.de\/wp-content\/uploads\/2023\/10\/Science_am_Zeiss-Lars_Fehland_Vortrag-1448x2048.png 1448w, https:\/\/mint.jena.de\/wp-content\/uploads\/2023\/10\/Science_am_Zeiss-Lars_Fehland_Vortrag.png 1587w\" sizes=\"auto, (max-width: 660px) 100vw, 660px\" \/><\/a>Aus dem dunklen Dickicht der tropischen Regenw\u00e4lder Borneos holen wir\u00a0<strong>Lars Fehlandt<\/strong>\u00a0ins Licht des Carl-Zeiss-Gymnasiums Jena. Wir sind stolz, den Entdecker, Fotografen und passionierten Naturforscher zum Auftakt unserer\u00a0<strong>Vortragsreihe \u201eScience am Zeiss\u201c<\/strong>\u00a0begr\u00fc\u00dfen zu d\u00fcrfen und laden neugierige Sch\u00fcler:innen und interessierte Eltern herzlich ein, den fotografischen Spuren von Lars Fehlandt durch die Regenw\u00e4lder Borneos zu folgen.<\/p>\n<p>Am Montag, 17. April 2023 um 18 Uhr spricht Lars Fehlandt \u00fcber <strong>\u201ePhantastische Tierwesen und wo sie WIRKLICH zu finden sind\u201c<\/strong>. Dabei zeigt er\u00a0<strong>atemberaubende Fotografien von Tieren<\/strong>, die teilweise seit mehr als 70 Jahren nicht mehr gesehen wurden.<\/p>\n<p>Informationen zu\u00a0<a href=\"https:\/\/www.lars-fehlandt.de\/about\/\" target=\"_blank\" rel=\"noopener\">Lars Fehlandt<\/a> finden sich auf seiner Homepage.<\/p>\n<p><a href=\"https:\/\/www.cz-gymnasium.jena.de\/regionalzentrum\/wp-content\/uploads\/2023\/10\/20230417_192051.jpg\"><img loading=\"lazy\" decoding=\"async\" class=\"alignnone size-large wp-image-482\" src=\"https:\/\/www.cz-gymnasium.jena.de\/regionalzentrum\/wp-content\/uploads\/2023\/10\/20230417_192051-1024x768.jpg\" alt=\"\" width=\"660\" height=\"495\" srcset=\"https:\/\/mint.jena.de\/wp-content\/uploads\/2023\/10\/20230417_192051-1024x768.jpg 1024w, https:\/\/mint.jena.de\/wp-content\/uploads\/2023\/10\/20230417_192051-300x225.jpg 300w, https:\/\/mint.jena.de\/wp-content\/uploads\/2023\/10\/20230417_192051-768x576.jpg 768w, https:\/\/mint.jena.de\/wp-content\/uploads\/2023\/10\/20230417_192051-1536x1152.jpg 1536w, https:\/\/mint.jena.de\/wp-content\/uploads\/2023\/10\/20230417_192051.jpg 2000w\" sizes=\"auto, (max-width: 660px) 100vw, 660px\" \/><\/a><\/p>\n<p><strong>Eindr\u00fccke vom Auftakt unserer Vortragsreihe gibt es hier<\/strong>:\u00a0<a href=\"https:\/\/cz-gymnasium.jena.de\/2023\/04\/18\/science-am-zeiss-mit-lars-fehlandts-exkursionsberichten\/\">https:\/\/cz-gymnasium.jena.de\/2023\/04\/18\/science-am-zeiss-mit-lars-fehlandts-exkursionsberichten\/\u00a0<\/a><\/p>\n","protected":false},"excerpt":{"rendered":"<p>Aus dem dunklen Dickicht der tropischen Regenw\u00e4lder Borneos holen wir\u00a0Lars Fehlandt\u00a0ins Licht des Carl-Zeiss-Gymnasiums Jena. Wir sind stolz, den Entdecker, Fotografen und passionierten Naturforscher zum Auftakt unserer\u00a0Vortragsreihe \u201eScience am Zeiss\u201c\u00a0begr\u00fc\u00dfen zu d\u00fcrfen und laden neugierige Sch\u00fcler:innen und interessierte Eltern herzlich ein, den fotografischen Spuren von Lars Fehlandt durch die Regenw\u00e4lder Borneos zu folgen. Am Montag, &hellip; <a href=\"https:\/\/mint.jena.de\/index.php\/2023-2\/\" class=\"more-link\"><span class=\"screen-reader-text\">2023 &#8211; Lars Fehlandt<\/span> weiterlesen<\/a><\/p>\n","protected":false},"author":5,"featured_media":0,"parent":0,"menu_order":0,"comment_status":"closed","ping_status":"closed","template":"","meta":{"footnotes":""},"class_list":["post-546","page","type-page","status-publish","hentry"],"_links":{"self":[{"href":"https:\/\/mint.jena.de\/index.php\/wp-json\/wp\/v2\/pages\/546","targetHints":{"allow":["GET"]}}],"collection":[{"href":"https:\/\/mint.jena.de\/index.php\/wp-json\/wp\/v2\/pages"}],"about":[{"href":"https:\/\/mint.jena.de\/index.php\/wp-json\/wp\/v2\/types\/page"}],"author":[{"embeddable":true,"href":"https:\/\/mint.jena.de\/index.php\/wp-json\/wp\/v2\/users\/5"}],"replies":[{"embeddable":true,"href":"https:\/\/mint.jena.de\/index.php\/wp-json\/wp\/v2\/comments?post=546"}],"version-history":[{"count":6,"href":"https:\/\/mint.jena.de\/index.php\/wp-json\/wp\/v2\/pages\/546\/revisions"}],"predecessor-version":[{"id":554,"href":"https:\/\/mint.jena.de\/index.php\/wp-json\/wp\/v2\/pages\/546\/revisions\/554"}],"wp:attachment":[{"href":"https:\/\/mint.jena.de\/index.php\/wp-json\/wp\/v2\/media?parent=546"}],"curies":[{"name":"wp","href":"https:\/\/api.w.org\/{rel}","templated":true}]}}