{"id":51,"date":"2018-08-14T20:40:20","date_gmt":"2018-08-14T18:40:20","guid":{"rendered":"http:\/\/www.cz-gymnasium.jena.de\/regionalzentrum\/?page_id=51"},"modified":"2026-03-09T09:07:20","modified_gmt":"2026-03-09T08:07:20","slug":"mint-ags","status":"publish","type":"page","link":"https:\/\/mint.jena.de\/index.php\/mint-ags\/","title":{"rendered":"MINT AGs"},"content":{"rendered":"<p>Du interessierst dich f\u00fcr <a href=\"https:\/\/mint.jena.de\/index.php\/klasse-7\/\"><strong>naturwissenschaftliche Themen<\/strong><\/a> und suchst nach mehr Herausforderungen im MINT-Bereich? Du bekommst von <a href=\"https:\/\/mint.jena.de\/index.php\/mathematik-klasse-8\/\"><strong>Mathe<\/strong><\/a> oder <a href=\"https:\/\/mint.jena.de\/index.php\/ag-kopfrechnen-kl-5-7\/\"><strong>Kopfrechnen<\/strong><\/a> nicht genug oder magst deine Skills in <a href=\"https:\/\/mint.jena.de\/index.php\/informatik-klasse-5\/\"><strong>Informatik<\/strong><\/a> noch weiter vertiefen? Dann melde dich f\u00fcr eine MINT AG an! Ganz egal, ob du Klasse <a href=\"https:\/\/mint.jena.de\/index.php\/klasse-4\/\">4<\/a>, <a href=\"https:\/\/mint.jena.de\/index.php\/klasse-5\/\">5<\/a>, <a href=\"https:\/\/mint.jena.de\/index.php\/klasse-6\/\">6<\/a>, <a href=\"https:\/\/mint.jena.de\/index.php\/klasse-7\/\">7<\/a> oder <a href=\"https:\/\/mint.jena.de\/index.php\/klasse-8\/\">8<\/a> bist &#8211; wir haben bestimmt ein spannendes Angebot f\u00fcr dich dabei!<br \/>Du kannst entweder live am Carl-Zeiss-Gymnasium Jena die MINT-AG besuchen oder online teilnehmen. Freu dich auf gleichgesinnte, MINTeressierte und begabte Sch\u00fclerinnen und Sch\u00fcler aus ganz Ostth\u00fcringen.<\/p>\n<p>Die Teilnahme online erfolgt jeweils in Bl\u00f6cken. Es gibt also wechselnde Termine f\u00fcr Videokonferenzen und Forscheraufgaben, die \u00fcber einen bestimmten Zeitraum bearbeitet werden k\u00f6nnen. Du kannst einzeln arbeiten, aber dich auch mit anderen Teilnehmenden vernetzen.<\/p>\n<p>Unsere <strong>Datenschutzerkl\u00e4rung<\/strong> findest du hier: <a href=\"https:\/\/mint.jena.de\/wp-content\/uploads\/2024\/08\/Datenschutzerklaerung-BF-MINT.pdf\">Datenschutzerkl\u00e4rung BF MINT<\/a><\/p>\n<h4><strong>Anmeldung\u00a0<br \/><\/strong><span style=\"color: #1a5b6e;\"><strong>Teilnahme MINT AG im Schuljahr 2025-2026<\/strong><\/span><\/h4>\n\n\n<div class=\"wp-block-group is-nowrap is-layout-flex wp-container-core-group-is-layout-ad2f72ca wp-block-group-is-layout-flex\">\n<form method=\"post\" class=\"wp-block-gutena-forms gutena-forms-anmeldung-mint-ags-2024-2025 gutena_forms_ID_00f4720a3_138202418210 hide-form-after-submit after_submit_message has-background is-layout-flow wp-block-gutena-forms-is-layout-flow\" style=\"background-color:#efefef;padding-top:2rem;padding-right:1.25rem;padding-bottom:5rem;padding-left:1.25rem\"><input type=\"hidden\" name=\"formid\" value=\"gutena_forms_ID_00f4720a3_138202418210\"\/>\n<div class=\"wp-block-columns alignfull are-vertically-aligned-top is-layout-flex wp-container-core-columns-is-layout-9d6595d7 wp-block-columns-is-layout-flex\">\n<div class=\"wp-block-column is-vertically-aligned-top is-layout-flow wp-block-column-is-layout-flow\">\n<div class=\"wp-block-gutena-field-group  field-group-type-text field-group-type-email field-group-type-checkbox is-layout-flow wp-block-gutena-field-group-is-layout-flow\">\n<div class=\"wp-block-group is-vertical is-layout-flex wp-container-core-group-is-layout-c8e3a30a wp-block-group-is-layout-flex\">\n<h3 class=\"wp-block-heading heading-input-label-gutena\">Vorname<\/h3>\n\n\n<div class=\"gutena-forms-text-field field-name-subject  wp-block-gutena-form-field\"><input\n\t\t\t\tid=\"subject\"\n\t\t\t\t name=\"subject\" type=\"text\" class=\"gutena-forms-field text-field required-field  \" placeholder=\"Vorname\"  required\n\t\t\t\t\/><\/div><\/div>\n\n\n\n<div class=\"wp-block-group is-vertical is-layout-flex wp-container-core-group-is-layout-c8e3a30a wp-block-group-is-layout-flex\">\n<h3 class=\"wp-block-heading heading-input-label-gutena\">Stra\u00dfe<\/h3>\n\n\n<div class=\"gutena-forms-text-field field-name-f_4  wp-block-gutena-form-field\"><input\n\t\t\t\tid=\"f_4\"\n\t\t\t\t name=\"f_4\" type=\"text\" class=\"gutena-forms-field text-field required-field  \" placeholder=\"Stra\u00dfe\"  required\n\t\t\t\t\/><\/div><\/div>\n\n\n\n<div class=\"wp-block-group is-vertical is-layout-flex wp-container-core-group-is-layout-c8e3a30a wp-block-group-is-layout-flex\">\n<h3 class=\"wp-block-heading heading-input-label-gutena\">PLZ<\/h3>\n\n\n<div class=\"gutena-forms-text-field field-name-f_0  wp-block-gutena-form-field\"><input\n\t\t\t\tid=\"f_0\"\n\t\t\t\t name=\"f_0\" type=\"text\" class=\"gutena-forms-field text-field required-field  \" placeholder=\"Postleitzahl\"  required\n\t\t\t\t\/><\/div><\/div>\n\n\n\n<div class=\"wp-block-group is-vertical is-layout-flex wp-container-core-group-is-layout-c8e3a30a wp-block-group-is-layout-flex\">\n<h3 class=\"wp-block-heading heading-input-label-gutena\">Email <\/h3>\n\n\n<div class=\"gutena-forms-email-field field-name-f_2  wp-block-gutena-form-field\"><input\n\t\t\t\tid=\"f_2\"\n\t\t\t\t name=\"f_2\" type=\"email\" class=\"gutena-forms-field email-field required-field  \" placeholder=\"eigene oder der Eltern\"  required\n\t\t\t\t\/><\/div><\/div>\n\n\n\n<div class=\"wp-block-group is-vertical is-layout-flex wp-container-core-group-is-layout-c8e3a30a wp-block-group-is-layout-flex\">\n<h3 class=\"wp-block-heading heading-input-label-gutena\">Schule <\/h3>\n\n\n<div class=\"gutena-forms-text-field field-name-f_5  wp-block-gutena-form-field\"><input\n\t\t\t\tid=\"f_5\"\n\t\t\t\t name=\"f_5\" type=\"text\" class=\"gutena-forms-field text-field required-field  \" placeholder=\"Name der Schule\"  required\n\t\t\t\t\/><\/div><\/div>\n\n\n\n<div class=\"wp-block-group has-background has-medium-font-size wp-elements-8f9e79eb7fd6279faab62f3a26ef0abd is-horizontal is-content-justification-center is-layout-flex wp-container-core-group-is-layout-7e164028 wp-block-group-is-layout-flex\" style=\"background-color:#efefef\">\n<h3 class=\"wp-block-heading heading-input-label-gutena\">An welchem Angebot m\u00f6chtest du teilnehmen?<\/h3>\n\n\n<div class=\"gutena-forms-checkbox-field field-name-f_7 gf-inline-content is-style-default wp-block-gutena-form-field\"><div\n\t\t\t\t class=\"gutena-forms-field checkbox-field    inline-options\"\n\t\t\t\t><label class=\"checkbox-container\">Kl. 4 &#8211; Korrespondenz Mathematik\n\t\t\t\t\t\t<input type=\"checkbox\" name=\"f_7[]\" value=\"Kl. 4 - Korrespondenz Mathematik\" >\n\t\t\t\t\t\t<span class=\"checkmark\"><\/span>\n\t\t\t\t\t  <\/label><label class=\"checkbox-container\">Kl. 5 &#8211; MINT AG\n\t\t\t\t\t\t<input type=\"checkbox\" name=\"f_7[]\" value=\"Kl. 5 - MINT AG\" >\n\t\t\t\t\t\t<span class=\"checkmark\"><\/span>\n\t\t\t\t\t  <\/label><label class=\"checkbox-container\">Kl. 5-7 &#8211; AG Kopfrechnen\n\t\t\t\t\t\t<input type=\"checkbox\" name=\"f_7[]\" value=\"Kl. 5-7 - AG Kopfrechnen\" >\n\t\t\t\t\t\t<span class=\"checkmark\"><\/span>\n\t\t\t\t\t  <\/label><label class=\"checkbox-container\">Kl. 6 &#8211; Mathematik AG\n\t\t\t\t\t\t<input type=\"checkbox\" name=\"f_7[]\" value=\"Kl. 6 - Mathematik AG\" >\n\t\t\t\t\t\t<span class=\"checkmark\"><\/span>\n\t\t\t\t\t  <\/label><label class=\"checkbox-container\">Kl. 6 &#8211; Informatik AG\n\t\t\t\t\t\t<input type=\"checkbox\" name=\"f_7[]\" value=\"Kl. 6 - Informatik AG\" >\n\t\t\t\t\t\t<span class=\"checkmark\"><\/span>\n\t\t\t\t\t  <\/label><label class=\"checkbox-container\">Kl. 7 &#8211; MINT Karussell\n\t\t\t\t\t\t<input type=\"checkbox\" name=\"f_7[]\" value=\"Kl. 7 - MINT Karussell\" >\n\t\t\t\t\t\t<span class=\"checkmark\"><\/span>\n\t\t\t\t\t  <\/label><label class=\"checkbox-container\">Kl. 8 &#8211; Biologie AG\n\t\t\t\t\t\t<input type=\"checkbox\" name=\"f_7[]\" value=\"Kl. 8 - Biologie AG\" >\n\t\t\t\t\t\t<span class=\"checkmark\"><\/span>\n\t\t\t\t\t  <\/label><label class=\"checkbox-container\">Kl. 8 &#8211; Chemie AG\n\t\t\t\t\t\t<input type=\"checkbox\" name=\"f_7[]\" value=\"Kl. 8 - Chemie AG\" >\n\t\t\t\t\t\t<span class=\"checkmark\"><\/span>\n\t\t\t\t\t  <\/label><label class=\"checkbox-container\">Kl. 8 &#8211; Informatik AG\n\t\t\t\t\t\t<input type=\"checkbox\" name=\"f_7[]\" value=\"Kl. 8 - Informatik AG\" >\n\t\t\t\t\t\t<span class=\"checkmark\"><\/span>\n\t\t\t\t\t  <\/label><label class=\"checkbox-container\">Kl. 8 &#8211; Mathematik AG\n\t\t\t\t\t\t<input type=\"checkbox\" name=\"f_7[]\" value=\"Kl. 8 - Mathematik AG\" >\n\t\t\t\t\t\t<span class=\"checkmark\"><\/span>\n\t\t\t\t\t  <\/label><label class=\"checkbox-container\">Kl. 8 &#8211; Physik AG\n\t\t\t\t\t\t<input type=\"checkbox\" name=\"f_7[]\" value=\"Kl. 8 - Physik AG\" >\n\t\t\t\t\t\t<span class=\"checkmark\"><\/span>\n\t\t\t\t\t  <\/label><\/div><\/div><\/div>\n\n\n\n<div class=\"wp-block-group is-horizontal is-content-justification-left is-layout-flex wp-container-core-group-is-layout-5564580a wp-block-group-is-layout-flex\">\n<h3 class=\"wp-block-heading heading-input-label-gutena\"><a href=\"https:\/\/mint.jena.de\/wp-content\/uploads\/2024\/08\/Datenschutzerklaerung-BF-MINT.pdf\">Datenschutzrechtlicher Hinweis<\/a> (Pflichtfeld)<\/h3>\n\n\n<div class=\"gutena-forms-checkbox-field field-name-f_9  is-style-default wp-block-gutena-form-field\"><div\n\t\t\t\t class=\"gutena-forms-field checkbox-field    has-1-col\"\n\t\t\t\t><label class=\"checkbox-container\">Die Datenschutzerkl\u00e4rung habe ich zur Kenntnis genommen.\n\t\t\t\t\t\t<input type=\"checkbox\" name=\"f_9[]\" value=\"Die Datenschutzerkl\u00e4rung habe ich zur Kenntnis genommen.\" >\n\t\t\t\t\t\t<span class=\"checkmark\"><\/span>\n\t\t\t\t\t  <\/label><\/div><\/div><\/div>\n\n\n\n<p class=\"gutena-forms-field-error-msg\"><\/p>\n<\/div>\n<\/div>\n\n\n\n<div class=\"wp-block-column is-vertically-aligned-top is-layout-flow wp-block-column-is-layout-flow\">\n<div class=\"wp-block-gutena-field-group  field-group-type-email field-group-type-text field-group-type-number is-layout-flow wp-block-gutena-field-group-is-layout-flow\">\n<div class=\"wp-block-group is-vertical is-layout-flex wp-container-core-group-is-layout-c8e3a30a wp-block-group-is-layout-flex\">\n<h3 class=\"wp-block-heading heading-input-label-gutena\">Name<\/h3>\n\n\n<div class=\"gutena-forms-text-field field-name-email  wp-block-gutena-form-field\"><input\n\t\t\t\tid=\"email\"\n\t\t\t\t name=\"email\" type=\"text\" class=\"gutena-forms-field text-field required-field  \" placeholder=\"Nachname, ggf. Name am Briefkasten\"  required\n\t\t\t\t\/><\/div><\/div>\n\n\n\n<div class=\"wp-block-group is-vertical is-layout-flex wp-container-core-group-is-layout-c8e3a30a wp-block-group-is-layout-flex\">\n<h3 class=\"wp-block-heading heading-input-label-gutena\">Hausnummer<\/h3>\n\n\n<div class=\"gutena-forms-text-field field-name-f_8  wp-block-gutena-form-field\"><input\n\t\t\t\tid=\"f_8\"\n\t\t\t\t name=\"f_8\" type=\"text\" class=\"gutena-forms-field text-field required-field  \" placeholder=\"Hausnummer\"  required\n\t\t\t\t\/><\/div><\/div>\n\n\n\n<div class=\"wp-block-group is-vertical is-layout-flex wp-container-core-group-is-layout-c8e3a30a wp-block-group-is-layout-flex\">\n<h3 class=\"wp-block-heading heading-input-label-gutena\">Ort<\/h3>\n\n\n<div class=\"gutena-forms-text-field field-name-f_1  wp-block-gutena-form-field\"><input\n\t\t\t\tid=\"f_1\"\n\t\t\t\t name=\"f_1\" type=\"text\" class=\"gutena-forms-field text-field required-field  \" placeholder=\"Ort\"  required\n\t\t\t\t\/><\/div><\/div>\n\n\n\n<div class=\"wp-block-group is-vertical is-layout-flex wp-container-core-group-is-layout-c8e3a30a wp-block-group-is-layout-flex\">\n<h3 class=\"wp-block-heading heading-input-label-gutena\">Klassenstufe im SJ 2025\/2026<\/h3>\n\n\n<div class=\"gutena-forms-text-field field-name-f_3  wp-block-gutena-form-field\"><input\n\t\t\t\tid=\"f_3\"\n\t\t\t\t name=\"f_3\" type=\"text\" class=\"gutena-forms-field text-field required-field  \" placeholder=\"Klassenstufe\"  required\n\t\t\t\t\/><\/div><\/div>\n\n\n\n<div class=\"wp-block-group is-vertical is-layout-flex wp-container-core-group-is-layout-c8e3a30a wp-block-group-is-layout-flex\">\n<h3 class=\"wp-block-heading heading-input-label-gutena\">Ort<\/h3>\n\n\n<div class=\"gutena-forms-text-field field-name-f_6  wp-block-gutena-form-field\"><input\n\t\t\t\tid=\"f_6\"\n\t\t\t\t name=\"f_6\" type=\"text\" class=\"gutena-forms-field text-field required-field  \" placeholder=\"Ort der Schule\"  required\n\t\t\t\t\/><\/div><\/div>\n\n\n\n<p class=\"gutena-forms-field-error-msg\"><\/p>\n<\/div>\n<\/div>\n<\/div>\n\n\n\n<div class=\"wp-block-columns alignfull are-vertically-aligned-top is-layout-flex wp-container-core-columns-is-layout-9d6595d7 wp-block-columns-is-layout-flex\">\n<div class=\"wp-block-column is-vertically-aligned-top is-layout-flow wp-block-column-is-layout-flow\">\n<div class=\"wp-block-buttons gutena-forms-submit-buttons is-layout-flex wp-block-buttons-is-layout-flex\">\n<div class=\"wp-block-button gutena-forms-submit-button\"><button class=\"wp-block-button__link has-background wp-element-button\" style=\"background-color:#ff914d\">Anmelden<\/button><\/div>\n<\/div>\n<\/div>\n<\/div>\n\n\n\n<div class=\"wp-block-gutena-form-confirm-msg alignfull is-layout-flow wp-block-gutena-form-confirm-msg-is-layout-flow\">\n<div class=\"wp-block-group has-background is-content-justification-left is-nowrap is-layout-flex wp-container-core-group-is-layout-25cdd410 wp-block-group-is-layout-flex\" style=\"border-radius:5px;background-color:#d8eacc;padding-top:12px;padding-right:12px;padding-bottom:12px;padding-left:12px\">\n<figure class=\"wp-block-image size-large form-message-icon\"><img decoding=\"async\" src=\"data:image\/svg+xml;base64,PHN2ZyB3aWR0aD0iMTYiIGhlaWdodD0iMTYiIHZpZXdCb3g9IjAgMCAxNiAxNiIgZmlsbD0ibm9uZSIgeG1sbnM9Imh0dHA6Ly93d3cudzMub3JnLzIwMDAvc3ZnIj4KPHBhdGggZD0iTTggMTZDMy41ODE2IDE2IDAgMTIuNDE4NCAwIDhDMCAzLjU4MTYgMy41ODE2IDAgOCAwQzEyLjQxODQgMCAxNiAzLjU4MTYgMTYgOEMxNiAxMi40MTg0IDEyLjQxODQgMTYgOCAxNlpNOCAxNC40QzkuNjk3MzkgMTQuNCAxMS4zMjUzIDEzLjcyNTcgMTIuNTI1NSAxMi41MjU1QzEzLjcyNTcgMTEuMzI1MyAxNC40IDkuNjk3MzkgMTQuNCA4QzE0LjQgNi4zMDI2MSAxMy43MjU3IDQuNjc0NzUgMTIuNTI1NSAzLjQ3NDUyQzExLjMyNTMgMi4yNzQyOCA5LjY5NzM5IDEuNiA4IDEuNkM2LjMwMjYxIDEuNiA0LjY3NDc1IDIuMjc0MjggMy40NzQ1MiAzLjQ3NDUyQzIuMjc0MjggNC42NzQ3NSAxLjYgNi4zMDI2MSAxLjYgOEMxLjYgOS42OTczOSAyLjI3NDI4IDExLjMyNTMgMy40NzQ1MiAxMi41MjU1QzQuNjc0NzUgMTMuNzI1NyA2LjMwMjYxIDE0LjQgOCAxNC40Wk03LjIwMjQgMTEuMkwzLjgwOCA3LjgwNTZMNC45MzkyIDYuNjc0NEw3LjIwMjQgOC45Mzc2TDExLjcyNzIgNC40MTJMMTIuODU5MiA1LjU0MzJMNy4yMDI0IDExLjJaIiBmaWxsPSIjNDY4NDFFIi8+Cjwvc3ZnPgo=\" alt=\"Success\" class=\"wp-image-3811\"\/><\/figure>\n\n\n\n<p class=\"has-black-color has-text-color has-background wp-container-content-9cfa9a5a\" style=\"background-color:#b2d36f;font-size:12px;font-style:normal;font-weight:400;line-height:1.2\">Vielen Dank f\u00fcr deine Anmeldung! Wir werden uns bei dir melden.<\/p>\n<\/div>\n<\/div>\n\n\n\n<div class=\"wp-block-gutena-form-error-msg alignfull is-layout-flow wp-block-gutena-form-error-msg-is-layout-flow\">\n<div class=\"wp-block-group has-background is-content-justification-left is-nowrap is-layout-flex wp-container-core-group-is-layout-25cdd410 wp-block-group-is-layout-flex\" style=\"border-radius:5px;background-color:#ffd3d3;padding-top:12px;padding-right:12px;padding-bottom:12px;padding-left:12px\">\n<figure class=\"wp-block-image size-large form-message-icon\"><img decoding=\"async\" src=\"data:image\/svg+xml;base64,PHN2ZyB3aWR0aD0iMTYiIGhlaWdodD0iMTYiIHZpZXdCb3g9IjAgMCAxNiAxNiIgZmlsbD0ibm9uZSIgeG1sbnM9Imh0dHA6Ly93d3cudzMub3JnLzIwMDAvc3ZnIj4KPHBhdGggZD0iTTggMTZDMy41ODE2IDE2IDAgMTIuNDE4NCAwIDhDMCAzLjU4MTYgMy41ODE2IDAgOCAwQzEyLjQxODQgMCAxNiAzLjU4MTYgMTYgOEMxNiAxMi40MTg0IDEyLjQxODQgMTYgOCAxNlpNOCAxNC40QzkuNjk3MzkgMTQuNCAxMS4zMjUzIDEzLjcyNTcgMTIuNTI1NSAxMi41MjU1QzEzLjcyNTcgMTEuMzI1MyAxNC40IDkuNjk3MzkgMTQuNCA4QzE0LjQgNi4zMDI2MSAxMy43MjU3IDQuNjc0NzUgMTIuNTI1NSAzLjQ3NDUyQzExLjMyNTMgMi4yNzQyOCA5LjY5NzM5IDEuNiA4IDEuNkM2LjMwMjYxIDEuNiA0LjY3NDc1IDIuMjc0MjggMy40NzQ1MiAzLjQ3NDUyQzIuMjc0MjggNC42NzQ3NSAxLjYgNi4zMDI2MSAxLjYgOEMxLjYgOS42OTczOSAyLjI3NDI4IDExLjMyNTMgMy40NzQ1MiAxMi41MjU1QzQuNjc0NzUgMTMuNzI1NyA2LjMwMjYxIDE0LjQgOCAxNC40Wk03LjIgMTAuNEg4LjhWMTJINy4yVjEwLjRaTTcuMiA0SDguOFY4LjhINy4yVjRaIiBmaWxsPSIjQzUxOTE5Ii8+Cjwvc3ZnPgo=\" alt=\"Error\" class=\"wp-image-3811\"\/><\/figure>\n\n\n\n<p class=\"gutena-forms-error-text has-black-color has-text-color\" style=\"font-size:12px;font-style:normal;font-weight:500;line-height:1.2\">Deine Anmeldung hat leider nicht geklappt. Bitte \u00fcberpr\u00fcfe noch einmal deine Angaben!<\/p>\n<\/div>\n<\/div>\n<\/form>\n<\/div>\n","protected":false},"excerpt":{"rendered":"<p>Du interessierst dich f\u00fcr naturwissenschaftliche Themen und suchst nach mehr Herausforderungen im MINT-Bereich? Du bekommst von Mathe oder Kopfrechnen nicht genug oder magst deine Skills in Informatik noch weiter vertiefen? Dann melde dich f\u00fcr eine MINT AG an! Ganz egal, ob du Klasse 4, 5, 6, 7 oder 8 bist &#8211; wir haben bestimmt ein &hellip; <a href=\"https:\/\/mint.jena.de\/index.php\/mint-ags\/\" class=\"more-link\"><span class=\"screen-reader-text\">MINT AGs<\/span> weiterlesen<\/a><\/p>\n","protected":false},"author":5,"featured_media":716,"parent":0,"menu_order":0,"comment_status":"closed","ping_status":"closed","template":"","meta":{"footnotes":""},"class_list":["post-51","page","type-page","status-publish","has-post-thumbnail","hentry"],"_links":{"self":[{"href":"https:\/\/mint.jena.de\/index.php\/wp-json\/wp\/v2\/pages\/51","targetHints":{"allow":["GET"]}}],"collection":[{"href":"https:\/\/mint.jena.de\/index.php\/wp-json\/wp\/v2\/pages"}],"about":[{"href":"https:\/\/mint.jena.de\/index.php\/wp-json\/wp\/v2\/types\/page"}],"author":[{"embeddable":true,"href":"https:\/\/mint.jena.de\/index.php\/wp-json\/wp\/v2\/users\/5"}],"replies":[{"embeddable":true,"href":"https:\/\/mint.jena.de\/index.php\/wp-json\/wp\/v2\/comments?post=51"}],"version-history":[{"count":73,"href":"https:\/\/mint.jena.de\/index.php\/wp-json\/wp\/v2\/pages\/51\/revisions"}],"predecessor-version":[{"id":1121,"href":"https:\/\/mint.jena.de\/index.php\/wp-json\/wp\/v2\/pages\/51\/revisions\/1121"}],"wp:featuredmedia":[{"embeddable":true,"href":"https:\/\/mint.jena.de\/index.php\/wp-json\/wp\/v2\/media\/716"}],"wp:attachment":[{"href":"https:\/\/mint.jena.de\/index.php\/wp-json\/wp\/v2\/media?parent=51"}],"curies":[{"name":"wp","href":"https:\/\/api.w.org\/{rel}","templated":true}]}}